{"id":5892,"date":"2022-12-19T15:53:17","date_gmt":"2022-12-19T15:53:17","guid":{"rendered":"https:\/\/toknjazevac.org.rs\/food-and-wine\/"},"modified":"2023-05-10T10:23:50","modified_gmt":"2023-05-10T10:23:50","slug":"food-and-wine","status":"publish","type":"page","link":"https:\/\/toknjazevac.org.rs\/en\/food-and-wine\/","title":{"rendered":"Food and Wine"},"content":{"rendered":"<div class=\"gb-container gb-container-663cddbb\">\n\n<figure class=\"gb-block-image gb-block-image-c3d6759d\"><img loading=\"lazy\" decoding=\"async\" width=\"1140\" height=\"609\" class=\"gb-image gb-image-c3d6759d\" src=\"https:\/\/toknjazevac.org.rs\/wp-content\/uploads\/2023\/03\/hrana_i_vino_naslovna.jpg\" alt=\"\" title=\"food_and_wine_naslovna\" srcset=\"https:\/\/toknjazevac.org.rs\/wp-content\/uploads\/2023\/03\/hrana_i_vino_naslovna.jpg 1140w, https:\/\/toknjazevac.org.rs\/wp-content\/uploads\/2023\/03\/hrana_i_vino_naslovna-300x160.jpg 300w, https:\/\/toknjazevac.org.rs\/wp-content\/uploads\/2023\/03\/hrana_i_vino_naslovna-1024x547.jpg 1024w, https:\/\/toknjazevac.org.rs\/wp-content\/uploads\/2023\/03\/hrana_i_vino_naslovna-768x410.jpg 768w\" sizes=\"auto, (max-width: 1140px) 100vw, 1140px\" \/><\/figure>\n\n<\/div>\n\n<div class=\"gb-container gb-container-b46ae71b\">\n<div class=\"gb-container gb-container-bb7e45c4\">\n\n<p><em>Between the two world wars, Knja\u017eevac had five thousand inhabitants and about fifty cafes. One coffee shop per 100 people!<\/em> This tradition is still kept in the municipality of Knja\u017eevac. Clean natural environment, fertile soil and a traditional form of agriculture, give a firm base for healthy local cuisine and quality local wines.<\/p>\n\n\n\n<p>The cuisine of the municipality of Knja\u017eevac is a mixture of flavors. The manu on the table has been extended throughout the centuries of experience and it traditionally carefully balanced and energetically valuable. Moreover, the local food of the municipality of Knja\u017eevac seems to be able to &#8220;breathe and smell&#8221; itself. Regardless of the part of the day or the meal time, the local custom is to prepare a &#8220;feast&#8221; for a guest.<\/p>\n\n\n\n<p>Our hosts will do their best to meet all of the guests&#8217; wishes. Do not miss the opportunity to taste our homemade cheees pie &#8220;gibanica&#8221; corn bread &#8220;proja&#8221; with cebbage. The surrounding area of Knja\u017eevac is also famous for exceptional cheeses ( homemade &#8220;cottage cheese&#8221; and &#8220;hard cheese&#8221;) and quality &#8220;rakijas&#8221; of homemade brandies, so be sure to try them and experience their &#8220;charms&#8221;.<\/p>\n\n<\/div>\n\n<div class=\"gb-container gb-container-6c4167da\"><div class=\"gb-inside-container\">\n<div class=\"gb-grid-wrapper gb-grid-wrapper-7c3902bc\">\n<div class=\"gb-grid-column gb-grid-column-f46a46f5\"><div class=\"gb-container gb-container-f46a46f5\"><div class=\"gb-inside-container\">\n\n<figure class=\"gb-block-image gb-block-image-16f4d5f5\"><img loading=\"lazy\" decoding=\"async\" width=\"946\" height=\"442\" class=\"gb-image gb-image-16f4d5f5\" src=\"https:\/\/toknjazevac.org.rs\/wp-content\/uploads\/2023\/03\/hrana_i_vino_art2.jpg\" alt=\"Tomato and cucumber salad\" title=\"food_and_wine_art2\" srcset=\"https:\/\/toknjazevac.org.rs\/wp-content\/uploads\/2023\/03\/hrana_i_vino_art2.jpg 946w, https:\/\/toknjazevac.org.rs\/wp-content\/uploads\/2023\/03\/hrana_i_vino_art2-300x140.jpg 300w, https:\/\/toknjazevac.org.rs\/wp-content\/uploads\/2023\/03\/hrana_i_vino_art2-768x359.jpg 768w\" sizes=\"auto, (max-width: 946px) 100vw, 946px\" \/><\/figure>\n\n<\/div><\/div><\/div>\n\n<div class=\"gb-grid-column gb-grid-column-c93c6680\"><div class=\"gb-container gb-container-c93c6680\"><div class=\"gb-inside-container\">\n\n<figure class=\"gb-block-image gb-block-image-17e70c84\"><img loading=\"lazy\" decoding=\"async\" width=\"946\" height=\"442\" class=\"gb-image gb-image-17e70c84\" src=\"https:\/\/toknjazevac.org.rs\/wp-content\/uploads\/2023\/03\/hrana_i_vino_art3.jpg\" alt=\"\" title=\"food_and_wine_art3\" srcset=\"https:\/\/toknjazevac.org.rs\/wp-content\/uploads\/2023\/03\/hrana_i_vino_art3.jpg 946w, https:\/\/toknjazevac.org.rs\/wp-content\/uploads\/2023\/03\/hrana_i_vino_art3-300x140.jpg 300w, https:\/\/toknjazevac.org.rs\/wp-content\/uploads\/2023\/03\/hrana_i_vino_art3-768x359.jpg 768w\" sizes=\"auto, (max-width: 946px) 100vw, 946px\" \/><\/figure>\n\n<\/div><\/div><\/div>\n\n<div class=\"gb-grid-column gb-grid-column-66716d9b\"><div class=\"gb-container gb-container-66716d9b\"><div class=\"gb-inside-container\">\n\n<p>On the table there are rolls called &#8220;gu\u017evice&#8221; made of herb patience, wild garlic salad and, inevitably, a local fresh cheese speciality called &#8220;belmu\u017e&#8221;, as a must. Nowhere will you find the roast lamb as delicious as the one prepared and served here. After a delicious appetizer and a high-calorie main course, comes a dessert, a traditional pie with cherries or walnuts (&#8220;ore\u0161njak&#8221;), traditional biscuits cookies with homemade jam (&#8220;vanilica&#8221;) and many more sweet delicacies that will complete your pleasure.<\/p>\n\n\n\n<p>Pour all this with some of the quality wines from Knja\u017eevac, assume a comfortable position and together with what you prefere, either the sounds of music or birht chirping, enjoy the sunset, fresh air and local stories, which the hosts will be happy to tell you, of course, if you are eager to hear.<br>If you visit one of the restaurants, it will offer you grilled specialties, homemade soups, roast lamb and pork, fish specialties and freshly made meals. The whole pleasure will be accompanied and enlarged by pleasant music performed by one of our local bands.<\/p>\n\n\n\n<p>Also, in the gastronomic offer of the Knja\u017eevac region, a special place is occupied by pre\u017eolj &#8211; a rich patty made of beef served with two slices of toasted bread coated with oil and allspice. <\/p>\n\n<\/div><\/div><\/div>\n\n<div class=\"gb-grid-column gb-grid-column-9c738ee4\"><div class=\"gb-container gb-container-9c738ee4\"><div class=\"gb-inside-container\">\n\n<figure class=\"gb-block-image gb-block-image-3afa0f92\"><img loading=\"lazy\" decoding=\"async\" width=\"946\" height=\"442\" class=\"gb-image gb-image-3afa0f92\" src=\"https:\/\/toknjazevac.org.rs\/wp-content\/uploads\/2023\/03\/prase_art.jpg\" alt=\"\" title=\"pork_art\" srcset=\"https:\/\/toknjazevac.org.rs\/wp-content\/uploads\/2023\/03\/prase_art.jpg 946w, https:\/\/toknjazevac.org.rs\/wp-content\/uploads\/2023\/03\/prase_art-300x140.jpg 300w, https:\/\/toknjazevac.org.rs\/wp-content\/uploads\/2023\/03\/prase_art-768x359.jpg 768w\" sizes=\"auto, (max-width: 946px) 100vw, 946px\" \/><\/figure>\n\n<\/div><\/div><\/div>\n\n<div class=\"gb-grid-column gb-grid-column-9ff90167\"><div class=\"gb-container gb-container-9ff90167\"><div class=\"gb-inside-container\">\n\n<figure class=\"gb-block-image gb-block-image-58cb4a8e\"><img loading=\"lazy\" decoding=\"async\" width=\"1024\" height=\"684\" class=\"gb-image gb-image-58cb4a8e\" src=\"https:\/\/toknjazevac.org.rs\/wp-content\/uploads\/2023\/03\/preprzolj.jpg\" alt=\"\" title=\"preprzolj\" srcset=\"https:\/\/toknjazevac.org.rs\/wp-content\/uploads\/2023\/03\/preprzolj.jpg 1024w, https:\/\/toknjazevac.org.rs\/wp-content\/uploads\/2023\/03\/preprzolj-300x200.jpg 300w, https:\/\/toknjazevac.org.rs\/wp-content\/uploads\/2023\/03\/preprzolj-768x513.jpg 768w\" sizes=\"auto, (max-width: 1024px) 100vw, 1024px\" \/><\/figure>\n\n<\/div><\/div><\/div>\n\n<div class=\"gb-grid-column gb-grid-column-89cf51bf\"><div class=\"gb-container gb-container-89cf51bf\"><div class=\"gb-inside-container\">\n\n<p>Wine in area of Knja\u017eevac is inseparable from history and tradition. Vineyards are grown with love, and indigenous grape varieties are grown in them, such as prokupac, vranc, plovdina. Burgundy, Smederevka, Italian Riesling, Chardonnay, Semin, Sauvignon are also grown&#8230; In the winery &#8220;Jovi\u0107&#8221; in Potrkanje, a unique fruit wine made from cherries, named &#8220;Vi\u0161njica&#8221; is designed and invented.<\/p>\n\n\n\n<p>In Knja\u017eevac, there is a belief that when everything is over, God and wine will remain, so its cellermen decided to found the Association of Winemakers so as to take care of the &#8220;drink of the gods&#8221; together. To foster the spirit of the old times and its traditions, the Wine Museum in Ravna was opened in cooperation with the local Town museum. It owns barrels with the best varieties of wine, a wine shop and antique equipment for storing and cooling wine.<br>The people of Knja\u017eevac were engaged in viticulture and under Turkish rule. At that time, Knja\u017eevac wine was especially appreciated, and was considered the best Serbian wine under the name &#8220;Timo\u010dko&#8221;.<\/p>\n\n\n\n<p>In 1927, the Viticultural and Agricultural Cooperative was founded here, the third in Serbia at that time. The direct successor of the mentioned cooperative was the company &#8220;D\u017eervin&#8221;, which was renewed in 2013, and today has been a respectable company of great significance for the entire region. <\/p>\n\n<\/div><\/div><\/div>\n\n<div class=\"gb-grid-column gb-grid-column-e4e09c2c\"><div class=\"gb-container gb-container-e4e09c2c\"><div class=\"gb-inside-container\">\n\n<figure class=\"gb-block-image gb-block-image-218edc18\"><img loading=\"lazy\" decoding=\"async\" width=\"946\" height=\"442\" class=\"gb-image gb-image-218edc18\" src=\"https:\/\/toknjazevac.org.rs\/wp-content\/uploads\/2023\/03\/vino-art.jpg\" alt=\"wine-art\" title=\"wine-art\" srcset=\"https:\/\/toknjazevac.org.rs\/wp-content\/uploads\/2023\/03\/vino-art.jpg 946w, https:\/\/toknjazevac.org.rs\/wp-content\/uploads\/2023\/03\/vino-art-300x140.jpg 300w, https:\/\/toknjazevac.org.rs\/wp-content\/uploads\/2023\/03\/vino-art-768x359.jpg 768w\" sizes=\"auto, (max-width: 946px) 100vw, 946px\" \/><\/figure>\n\n<\/div><\/div><\/div>\n\n<div class=\"gb-grid-column gb-grid-column-226c5359\"><div class=\"gb-container gb-container-226c5359\"><div class=\"gb-inside-container\">\n\n<figure class=\"gb-block-image gb-block-image-1138683b\"><img decoding=\"async\" class=\"gb-image gb-image-1138683b\" src=\"https:\/\/toknjazevac.org.rs\/wp-content\/uploads\/2023\/03\/vanilice_art.jpg\" alt=\"\" title=\"vanilice_art\"\/><\/figure>\n\n<\/div><\/div><\/div>\n<\/div>\n<\/div><\/div>\n\n<div class=\"gb-container gb-container-53e83ef0 no-lightbox\"><div class=\"gb-inside-container\">\n<div class=\"gb-container gb-container-e561a960\"><div class=\"gb-inside-container\">\n\n<p><a href=\"https:\/\/toknjazevac.org.rs\/en\/restaurants\/\">Here you can find a list of all restaurants.<\/a><\/p>\n\n<\/div><\/div>\n<\/div><\/div>\n<\/div>","protected":false},"excerpt":{"rendered":"<p>Between the two world wars, Knja\u017eevac had five thousand inhabitants and about fifty cafes. One coffee shop per 100 people! This tradition is still kept in the municipality of Knja\u017eevac. Clean natural environment, fertile soil and a traditional form of agriculture, give a firm base for healthy local cuisine and quality local wines. The cuisine &#8230; <a title=\"Food and Wine\" class=\"read-more\" href=\"https:\/\/toknjazevac.org.rs\/en\/food-and-wine\/\" aria-label=\"Read more about Food and Wine\">Read more<\/a><\/p>\n","protected":false},"author":2,"featured_media":6714,"parent":0,"menu_order":0,"comment_status":"closed","ping_status":"closed","template":"","meta":{"footnotes":""},"class_list":["post-5892","page","type-page","status-publish","has-post-thumbnail"],"_links":{"self":[{"href":"https:\/\/toknjazevac.org.rs\/en\/wp-json\/wp\/v2\/pages\/5892","targetHints":{"allow":["GET"]}}],"collection":[{"href":"https:\/\/toknjazevac.org.rs\/en\/wp-json\/wp\/v2\/pages"}],"about":[{"href":"https:\/\/toknjazevac.org.rs\/en\/wp-json\/wp\/v2\/types\/page"}],"author":[{"embeddable":true,"href":"https:\/\/toknjazevac.org.rs\/en\/wp-json\/wp\/v2\/users\/2"}],"replies":[{"embeddable":true,"href":"https:\/\/toknjazevac.org.rs\/en\/wp-json\/wp\/v2\/comments?post=5892"}],"version-history":[{"count":12,"href":"https:\/\/toknjazevac.org.rs\/en\/wp-json\/wp\/v2\/pages\/5892\/revisions"}],"predecessor-version":[{"id":6956,"href":"https:\/\/toknjazevac.org.rs\/en\/wp-json\/wp\/v2\/pages\/5892\/revisions\/6956"}],"wp:featuredmedia":[{"embeddable":true,"href":"https:\/\/toknjazevac.org.rs\/en\/wp-json\/wp\/v2\/media\/6714"}],"wp:attachment":[{"href":"https:\/\/toknjazevac.org.rs\/en\/wp-json\/wp\/v2\/media?parent=5892"}],"curies":[{"name":"wp","href":"https:\/\/api.w.org\/{rel}","templated":true}]}}